{"id":5,"date":"2020-12-30T11:18:31","date_gmt":"2020-12-30T11:18:31","guid":{"rendered":"https:\/\/patenta.es\/?page_id=5"},"modified":"2025-12-09T12:58:31","modified_gmt":"2025-12-09T12:58:31","slug":"patente-de-invencion","status":"publish","type":"page","link":"https:\/\/patenta.es\/","title":{"rendered":"PATENTE DE INVENCI\u00d3N"},"content":{"rendered":"<h2><img loading=\"lazy\" decoding=\"async\" class=\"alignnone size-full wp-image-17\" src=\"https:\/\/patenta.es\/wp-content\/uploads\/2020\/12\/e2f16fcb565c4c84dbe0ee1d60ba318d.jpg\" alt=\"\" width=\"1461\" height=\"591\" \/><\/h2>\n<h2 style=\"text-align: center;\"><span style=\"color: #800000;\">PATENTAR UN INVENTO<\/span><\/h2>\n<p>Una invenci\u00f3n es patentable cuando es nueva, implica una actividad inventiva y tiene aplicaci\u00f3n industrial.<\/p>\n<p><strong>Una invenci\u00f3n es nueva<\/strong> cuando no forma parte del \u201cestado de la t\u00e9cnica\u201d.<\/p>\n<p><strong>Una invenci\u00f3n tiene actividad inventiva<\/strong> cuando, al compararla con lo conocido, no resulta obvia para un experto en la materia.<\/p>\n<p><strong>Una invenci\u00f3n tiene\u00a0 aplicaci\u00f3n industrial<\/strong> cuando puede ser fabricada o utilizada en cualquier industria.<\/p>\n<h5><span style=\"color: #800000;\">\u00bfQu\u00e9 es una patente?<\/span><\/h5>\n<figure id=\"attachment_12\" aria-describedby=\"caption-attachment-12\" style=\"width: 228px\" class=\"wp-caption alignnone\"><img loading=\"lazy\" decoding=\"async\" class=\"wp-image-12\" src=\"https:\/\/patenta.es\/wp-content\/uploads\/2020\/12\/tituloJPG.jpg\" alt=\"TITULO DE UNA PATENTE\" width=\"228\" height=\"314\" \/><figcaption id=\"caption-attachment-12\" class=\"wp-caption-text\">T\u00edtulo de concesi\u00f3n<\/figcaption><\/figure>\n<h5 style=\"text-align: center;\"><span style=\"font-family: NonBreakingSpaceOverride, 'Hoefler Text', Garamond, 'Times New Roman', serif; text-align: center; color: #000000; font-size: 21px;\">Es un titulo de Propiedad Industrial\u00a0 otorgado por el Estado<\/span><\/h5>\n<p>Una <strong>patente de invenci\u00f3n<\/strong> es un t\u00edtulo que reconoce el derecho de explotar en exclusiva la invenci\u00f3n patentada, impidiendo a otros su fabricaci\u00f3n, venta o utilizaci\u00f3n sin consentimiento del titular del registro.<\/p>\n<p>Su vida legal es de 20 a\u00f1os (hay\u00a0 excepciones para productos farmac\u00e9uticos ) a contar desde la fecha de su solicitud, y para su mantenimiento<strong> es necesario el pago de unas tasas anuales<\/strong>.<\/p>\n<p>Con la presentaci\u00f3n de una solicitud de patente nacional se obtiene el derecho de prioridad internacional durante 1 a\u00f1o. A partir de la fecha de solicitud de registro el titular goza de 12 meses para hacer extensible la solicitud en terceros pa\u00edses.<\/p>\n<h5 style=\"text-align: left;\"><span style=\"color: #800000;\">Etapas en la tramitaci\u00f3n de una patente:\u00a0<\/span><\/h5>\n<p><img loading=\"lazy\" decoding=\"async\" class=\"alignnone wp-image-11\" style=\"font-family: NonBreakingSpaceOverride, 'Hoefler Text', Garamond, 'Times New Roman', serif; letter-spacing: normal;\" src=\"https:\/\/patenta.es\/wp-content\/uploads\/2020\/12\/Captura.jpg\" alt=\"\" width=\"515\" height=\"252\" \/><\/p>\n<ol>\n<li>Otorgamiento de fecha de presentaci\u00f3n y admisi\u00f3n a tr\u00e1mite<\/li>\n<li>Examen de oficio de la solicitud<\/li>\n<li>Realizaci\u00f3n del IET y la opini\u00f3n escrita<\/li>\n<li>Publicaci\u00f3n de la solicitud y del IET<\/li>\n<li>Observaciones de terceros<\/li>\n<li>Petici\u00f3n del examen sustantivo<\/li>\n<li>Examen sustantivo y resoluci\u00f3n del expediente de solicitud<\/li>\n<\/ol>\n<p>Es fundamental contar con el apoyo\u00a0 de un Agente de Propiedad Industrial al momento de redactar la solicitud ya que es un documento clave en la que se basar\u00e1 el \u00e1mbito y amplitud de su derecho<\/p>\n<h5><span style=\"color: #800000;\">\u00bf CUANTO CUESTA UNA PATENTE ?<\/span><\/h5>\n<p><strong>ISERN PATENTES Y MARCAS,\u00a0 <\/strong>cuenta con Agentes Oficiales Espa\u00f1oles de Patentes, \u00a0y t\u00e9cnicos en diversos campos de la t\u00e9cnica que le permiten la tramitaci\u00f3n \u00f3ptima delante de la OFICINA ESPA\u00d1OLA \u00a0DE PATENTES \u00a0Y MARCAS<img loading=\"lazy\" decoding=\"async\" class=\"alignnone size-full wp-image-15\" src=\"http:\/\/patenta.es\/wp-content\/uploads\/2020\/12\/coapi..jpg\" alt=\"\" width=\"325\" height=\"114\" \/><\/p>\n<p>Los honorarios que aplican van \u00a0en funci\u00f3n de la longitud y complejidad del texto, siendo conscientes de la realidad actual hemos decidido aplicar unas tarifas especiales en apoyo de las invenciones espa\u00f1olas, <strong><u>que se presupuestan en menos de 24 horas sin compromiso por su parte<\/u><\/strong>.<\/p>\n<p>Las tasas oficiales en 2020 son:<\/p>\n<table width=\"471\">\n<tbody>\n<tr>\n<td colspan=\"2\" width=\"350\"><strong>Solicitud e Informe sobre el Estado de la T\u00e9cnica (IET)<\/strong><\/td>\n<td width=\"113\">Tasas<\/td>\n<td width=\"7\"><\/td>\n<\/tr>\n<tr>\n<td colspan=\"2\" width=\"350\">Solicitud<\/td>\n<td width=\"113\">87,03 \u20ac<\/td>\n<td width=\"7\"><\/td>\n<\/tr>\n<tr>\n<td colspan=\"2\" width=\"350\">Redacci\u00f3n de la memoria<\/td>\n<td width=\"113\"><\/td>\n<td width=\"7\"><\/td>\n<\/tr>\n<tr>\n<td colspan=\"2\" width=\"350\">Solicitud del Informe sobre el Estado de la T\u00e9cnica<\/td>\n<td width=\"113\">593,65 \u20ac<\/td>\n<td width=\"7\"><\/td>\n<\/tr>\n<tr>\n<td colspan=\"2\" width=\"350\">Traslado del IET junto con nuestra opini\u00f3n escrita<\/td>\n<td width=\"113\"><\/td>\n<td width=\"7\"><\/td>\n<\/tr>\n<tr>\n<td colspan=\"2\" width=\"350\"><strong>\u00a0Petici\u00f3n del Examen Sustantivo <\/strong><\/td>\n<td width=\"113\">Tasas<\/td>\n<td width=\"7\"><\/td>\n<\/tr>\n<tr>\n<td colspan=\"2\" width=\"350\">Petici\u00f3n del examen sustantivo<\/td>\n<td width=\"113\">337,96 \u20ac<\/td>\n<td width=\"7\"><\/td>\n<\/tr>\n<tr>\n<td colspan=\"2\" width=\"350\"><\/td>\n<td width=\"113\"><\/td>\n<td width=\"7\"><\/td>\n<\/tr>\n<tr>\n<td width=\"329\"><strong>\u00a0Concesi\u00f3n <\/strong><\/td>\n<td colspan=\"3\" width=\"142\">Tasas<\/td>\n<\/tr>\n<tr>\n<td width=\"329\">Emisi\u00f3n del t\u00edtulo<\/td>\n<td colspan=\"3\" width=\"142\">0 \u20ac<\/td>\n<\/tr>\n<tr>\n<td width=\"329\"><\/td>\n<td width=\"21\"><\/td>\n<td width=\"113\"><\/td>\n<td width=\"7\"><\/td>\n<\/tr>\n<\/tbody>\n<\/table>\n<p><strong>Anualidades:<\/strong><\/p>\n<p>Mantenimiento anual tras la concesi\u00f3n del registro, a partir de la tercera anualidad, hay que pagar cada a\u00f1o y van subiendo indico a t\u00edtulo de ejemplo dos de ellas<\/p>\n<table width=\"471\">\n<tbody>\n<tr>\n<td width=\"329\"><strong>\u00a0<\/strong><\/td>\n<td width=\"142\">Tasas<\/td>\n<\/tr>\n<tr>\n<td width=\"329\">3\u00aa anualidad<\/td>\n<td width=\"142\">18,85 \u20ac<\/td>\n<\/tr>\n<tr>\n<td width=\"329\">20\u00aa anualidad<\/td>\n<td width=\"142\">499,85 \u20ac<\/td>\n<\/tr>\n<\/tbody>\n<\/table>\n<noscript class=\"ninja-forms-noscript-message\">\n\tAviso: Se requiere JavaScript para este contenido.<\/noscript>\n<div id=\"nf-form-1-cont\" class=\"nf-form-cont\" aria-live=\"polite\" aria-labelledby=\"nf-form-title-1\" aria-describedby=\"nf-form-errors-1\" role=\"form\">\n\n    <div class=\"nf-loading-spinner\"><\/div>\n\n<\/div>\n        <!-- That data is being printed as a workaround to page builders reordering the order of the scripts loaded-->\n        <script>var formDisplay=1;var nfForms=nfForms||[];var form=[];form.id='1';form.settings={\"objectType\":\"Form Setting\",\"editActive\":true,\"title\":\"Quieres patentar tu invento, contacta con nosotros:\",\"key\":\"\",\"created_at\":\"2020-12-30 10:13:10\",\"default_label_pos\":\"above\",\"conditions\":[],\"show_title\":\"1\",\"clear_complete\":\"1\",\"hide_complete\":\"1\",\"wrapper_class\":\"\",\"element_class\":\"\",\"add_submit\":\"1\",\"logged_in\":\"\",\"not_logged_in_msg\":\"\",\"sub_limit_number\":\"\",\"sub_limit_msg\":\"\",\"calculations\":[],\"formContentData\":[\"nombre_1609347243351\",\"email\",\"mensaje_1609347255394\",\"submit\"],\"container_styles_background-color\":\"\",\"container_styles_border\":\"\",\"container_styles_border-style\":\"\",\"container_styles_border-color\":\"\",\"container_styles_color\":\"\",\"container_styles_height\":\"\",\"container_styles_width\":\"\",\"container_styles_font-size\":\"\",\"container_styles_margin\":\"\",\"container_styles_padding\":\"\",\"container_styles_display\":\"\",\"container_styles_float\":\"\",\"container_styles_show_advanced_css\":\"0\",\"container_styles_advanced\":\"\",\"title_styles_background-color\":\"\",\"title_styles_border\":\"\",\"title_styles_border-style\":\"\",\"title_styles_border-color\":\"\",\"title_styles_color\":\"\",\"title_styles_height\":\"\",\"title_styles_width\":\"\",\"title_styles_font-size\":\"\",\"title_styles_margin\":\"\",\"title_styles_padding\":\"\",\"title_styles_display\":\"\",\"title_styles_float\":\"\",\"title_styles_show_advanced_css\":\"0\",\"title_styles_advanced\":\"\",\"row_styles_background-color\":\"\",\"row_styles_border\":\"\",\"row_styles_border-style\":\"\",\"row_styles_border-color\":\"\",\"row_styles_color\":\"\",\"row_styles_height\":\"\",\"row_styles_width\":\"\",\"row_styles_font-size\":\"\",\"row_styles_margin\":\"\",\"row_styles_padding\":\"\",\"row_styles_display\":\"\",\"row_styles_show_advanced_css\":\"0\",\"row_styles_advanced\":\"\",\"row-odd_styles_background-color\":\"\",\"row-odd_styles_border\":\"\",\"row-odd_styles_border-style\":\"\",\"row-odd_styles_border-color\":\"\",\"row-odd_styles_color\":\"\",\"row-odd_styles_height\":\"\",\"row-odd_styles_width\":\"\",\"row-odd_styles_font-size\":\"\",\"row-odd_styles_margin\":\"\",\"row-odd_styles_padding\":\"\",\"row-odd_styles_display\":\"\",\"row-odd_styles_show_advanced_css\":\"0\",\"row-odd_styles_advanced\":\"\",\"success-msg_styles_background-color\":\"\",\"success-msg_styles_border\":\"\",\"success-msg_styles_border-style\":\"\",\"success-msg_styles_border-color\":\"\",\"success-msg_styles_color\":\"\",\"success-msg_styles_height\":\"\",\"success-msg_styles_width\":\"\",\"success-msg_styles_font-size\":\"\",\"success-msg_styles_margin\":\"\",\"success-msg_styles_padding\":\"\",\"success-msg_styles_display\":\"\",\"success-msg_styles_show_advanced_css\":\"0\",\"success-msg_styles_advanced\":\"\",\"error_msg_styles_background-color\":\"\",\"error_msg_styles_border\":\"\",\"error_msg_styles_border-style\":\"\",\"error_msg_styles_border-color\":\"\",\"error_msg_styles_color\":\"\",\"error_msg_styles_height\":\"\",\"error_msg_styles_width\":\"\",\"error_msg_styles_font-size\":\"\",\"error_msg_styles_margin\":\"\",\"error_msg_styles_padding\":\"\",\"error_msg_styles_display\":\"\",\"error_msg_styles_show_advanced_css\":\"0\",\"error_msg_styles_advanced\":\"\",\"allow_public_link\":0,\"embed_form\":\"\",\"changeEmailErrorMsg\":\"Introduce una direcci\\u00f3n de correo electr\\u00f3nico v\\u00e1lida.\",\"changeDateErrorMsg\":\"\\u00a1Introduce una fecha v\\u00e1lida!\",\"confirmFieldErrorMsg\":\"Estos campos deben coincidir.\",\"fieldNumberNumMinError\":\"Error de n\\u00famero m\\u00ednimo\",\"fieldNumberNumMaxError\":\"Error de n\\u00famero m\\u00e1ximo\",\"fieldNumberIncrementBy\":\"Increm\\u00e9ntalo por \",\"formErrorsCorrectErrors\":\"Corrige los errores antes de enviar este formulario.\",\"validateRequiredField\":\"Esto es un campo obligatorio.\",\"honeypotHoneypotError\":\"Error de Honeypot\",\"fieldsMarkedRequired\":\"Los campos marcados con <span class=\\\"ninja-forms-req-symbol\\\">*<\\\/span> son obligatorios\",\"currency\":\"\",\"unique_field_error\":\"Ya se ha enviado un formulario con este valor.\",\"drawerDisabled\":false,\"ninjaForms\":\"Ninja Forms\",\"fieldTextareaRTEInsertLink\":\"Insertar enlace\",\"fieldTextareaRTEInsertMedia\":\"Insertar medios\",\"fieldTextareaRTESelectAFile\":\"Seleccione un archivo\",\"formHoneypot\":\"Si eres un ser humano y est\\u00e1s viendo este campo, por favor d\\u00e9jalo vac\\u00edo.\",\"fileUploadOldCodeFileUploadInProgress\":\"Subida de archivo en curso.\",\"fileUploadOldCodeFileUpload\":\"SUBIDA DE ARCHIVO\",\"currencySymbol\":false,\"thousands_sep\":\".\",\"decimal_point\":\",\",\"siteLocale\":\"es_ES\",\"dateFormat\":\"m\\\/d\\\/Y\",\"startOfWeek\":\"1\",\"of\":\"de\",\"previousMonth\":\"Mes anterior\",\"nextMonth\":\"Pr\\u00f3ximo mes\",\"months\":[\"Enero\",\"Febrero\",\"Marzo\",\"Abril\",\"Mayo\",\"Junio\",\"Julio\",\"Agosto\",\"Septiembre\",\"Octubre\",\"Noviembre\",\"Diciembre\"],\"monthsShort\":[\"Ene\",\"Feb\",\"Mar\",\"Abr\",\"Mayo\",\"Jun\",\"Jul\",\"Ago\",\"Sep\",\"Oct\",\"Nov\",\"Dic\"],\"weekdays\":[\"Domingo\",\"Lunes\",\"Martes\",\"Mi\\u00e9rcoles\",\"Jueves\",\"Viernes\",\"S\\u00e1bado\"],\"weekdaysShort\":[\"Dom\",\"Lun\",\"Mar\",\"Mi\\u00e9\",\"Jue\",\"Vie\",\"S\\u00e1b\"],\"weekdaysMin\":[\"Do\",\"Lu\",\"Ma\",\"Mi\",\"Ju\",\"Vi\",\"S\\u00e1\"],\"recaptchaConsentMissing\":\"reCaptcha validation couldn&#039;t load.\",\"recaptchaMissingCookie\":\"reCaptcha v3 validation couldn&#039;t load the cookie needed to submit the form.\",\"recaptchaConsentEvent\":\"Accept reCaptcha cookies before sending the form.\",\"currency_symbol\":\"\",\"beforeForm\":\"\",\"beforeFields\":\"\",\"afterFields\":\"\",\"afterForm\":\"\"};form.fields=[{\"objectType\":\"Field\",\"objectDomain\":\"fields\",\"editActive\":false,\"order\":1,\"label\":\"Nombre\",\"key\":\"nombre_1609347243351\",\"type\":\"textbox\",\"created_at\":\"2020-12-30 10:13:10\",\"label_pos\":\"above\",\"required\":1,\"placeholder\":\"\",\"default\":\"\",\"wrapper_class\":\"\",\"element_class\":\"\",\"container_class\":\"\",\"input_limit\":\"\",\"input_limit_type\":\"characters\",\"input_limit_msg\":\"Character(s) left\",\"manual_key\":\"\",\"disable_input\":\"\",\"admin_label\":\"\",\"help_text\":\"\",\"desc_text\":\"\",\"disable_browser_autocomplete\":\"\",\"mask\":\"\",\"custom_mask\":\"\",\"wrap_styles_background-color\":\"\",\"wrap_styles_border\":\"\",\"wrap_styles_border-style\":\"\",\"wrap_styles_border-color\":\"\",\"wrap_styles_color\":\"\",\"wrap_styles_height\":\"\",\"wrap_styles_width\":\"\",\"wrap_styles_font-size\":\"\",\"wrap_styles_margin\":\"\",\"wrap_styles_padding\":\"\",\"wrap_styles_display\":\"\",\"wrap_styles_float\":\"\",\"wrap_styles_show_advanced_css\":0,\"wrap_styles_advanced\":\"\",\"label_styles_background-color\":\"\",\"label_styles_border\":\"\",\"label_styles_border-style\":\"\",\"label_styles_border-color\":\"\",\"label_styles_color\":\"\",\"label_styles_height\":\"\",\"label_styles_width\":\"\",\"label_styles_font-size\":\"\",\"label_styles_margin\":\"\",\"label_styles_padding\":\"\",\"label_styles_display\":\"\",\"label_styles_float\":\"\",\"label_styles_show_advanced_css\":0,\"label_styles_advanced\":\"\",\"element_styles_background-color\":\"\",\"element_styles_border\":\"\",\"element_styles_border-style\":\"\",\"element_styles_border-color\":\"\",\"element_styles_color\":\"\",\"element_styles_height\":\"\",\"element_styles_width\":\"\",\"element_styles_font-size\":\"\",\"element_styles_margin\":\"\",\"element_styles_padding\":\"\",\"element_styles_display\":\"\",\"element_styles_float\":\"\",\"element_styles_show_advanced_css\":0,\"element_styles_advanced\":\"\",\"cellcid\":\"c3277\",\"custom_name_attribute\":\"\",\"personally_identifiable\":\"\",\"value\":\"\",\"drawerDisabled\":false,\"id\":1,\"beforeField\":\"\",\"afterField\":\"\",\"parentType\":\"textbox\",\"element_templates\":[\"textbox\",\"input\"],\"old_classname\":\"\",\"wrap_template\":\"wrap\"},{\"objectType\":\"Field\",\"objectDomain\":\"fields\",\"editActive\":false,\"order\":2,\"label\":\"Email\",\"key\":\"email\",\"type\":\"email\",\"created_at\":\"2020-12-30 10:13:10\",\"label_pos\":\"above\",\"required\":1,\"placeholder\":\"\",\"default\":\"\",\"wrapper_class\":\"\",\"element_class\":\"\",\"container_class\":\"\",\"admin_label\":\"\",\"help_text\":\"\",\"desc_text\":\"\",\"wrap_styles_background-color\":\"\",\"wrap_styles_border\":\"\",\"wrap_styles_border-style\":\"\",\"wrap_styles_border-color\":\"\",\"wrap_styles_color\":\"\",\"wrap_styles_height\":\"\",\"wrap_styles_width\":\"\",\"wrap_styles_font-size\":\"\",\"wrap_styles_margin\":\"\",\"wrap_styles_padding\":\"\",\"wrap_styles_display\":\"\",\"wrap_styles_float\":\"\",\"wrap_styles_show_advanced_css\":0,\"wrap_styles_advanced\":\"\",\"label_styles_background-color\":\"\",\"label_styles_border\":\"\",\"label_styles_border-style\":\"\",\"label_styles_border-color\":\"\",\"label_styles_color\":\"\",\"label_styles_height\":\"\",\"label_styles_width\":\"\",\"label_styles_font-size\":\"\",\"label_styles_margin\":\"\",\"label_styles_padding\":\"\",\"label_styles_display\":\"\",\"label_styles_float\":\"\",\"label_styles_show_advanced_css\":0,\"label_styles_advanced\":\"\",\"element_styles_background-color\":\"\",\"element_styles_border\":\"\",\"element_styles_border-style\":\"\",\"element_styles_border-color\":\"\",\"element_styles_color\":\"\",\"element_styles_height\":\"\",\"element_styles_width\":\"\",\"element_styles_font-size\":\"\",\"element_styles_margin\":\"\",\"element_styles_padding\":\"\",\"element_styles_display\":\"\",\"element_styles_float\":\"\",\"element_styles_show_advanced_css\":0,\"element_styles_advanced\":\"\",\"cellcid\":\"c3281\",\"custom_name_attribute\":\"email\",\"personally_identifiable\":1,\"value\":\"\",\"id\":2,\"beforeField\":\"\",\"afterField\":\"\",\"parentType\":\"email\",\"element_templates\":[\"email\",\"input\"],\"old_classname\":\"\",\"wrap_template\":\"wrap\"},{\"objectType\":\"Field\",\"objectDomain\":\"fields\",\"editActive\":false,\"order\":3,\"label\":\"Mensaje\",\"key\":\"mensaje_1609347255394\",\"type\":\"textarea\",\"created_at\":\"2020-12-30 10:13:10\",\"label_pos\":\"above\",\"required\":1,\"placeholder\":\"\",\"default\":\"\",\"wrapper_class\":\"\",\"element_class\":\"\",\"container_class\":\"\",\"input_limit\":\"\",\"input_limit_type\":\"characters\",\"input_limit_msg\":\"Character(s) left\",\"manual_key\":\"\",\"disable_input\":\"\",\"admin_label\":\"\",\"help_text\":\"\",\"desc_text\":\"\",\"disable_browser_autocomplete\":\"\",\"textarea_rte\":\"\",\"disable_rte_mobile\":\"\",\"textarea_media\":\"\",\"wrap_styles_background-color\":\"\",\"wrap_styles_border\":\"\",\"wrap_styles_border-style\":\"\",\"wrap_styles_border-color\":\"\",\"wrap_styles_color\":\"\",\"wrap_styles_height\":\"\",\"wrap_styles_width\":\"\",\"wrap_styles_font-size\":\"\",\"wrap_styles_margin\":\"\",\"wrap_styles_padding\":\"\",\"wrap_styles_display\":\"\",\"wrap_styles_float\":\"\",\"wrap_styles_show_advanced_css\":0,\"wrap_styles_advanced\":\"\",\"label_styles_background-color\":\"\",\"label_styles_border\":\"\",\"label_styles_border-style\":\"\",\"label_styles_border-color\":\"\",\"label_styles_color\":\"\",\"label_styles_height\":\"\",\"label_styles_width\":\"\",\"label_styles_font-size\":\"\",\"label_styles_margin\":\"\",\"label_styles_padding\":\"\",\"label_styles_display\":\"\",\"label_styles_float\":\"\",\"label_styles_show_advanced_css\":0,\"label_styles_advanced\":\"\",\"element_styles_background-color\":\"\",\"element_styles_border\":\"\",\"element_styles_border-style\":\"\",\"element_styles_border-color\":\"\",\"element_styles_color\":\"\",\"element_styles_height\":\"\",\"element_styles_width\":\"\",\"element_styles_font-size\":\"\",\"element_styles_margin\":\"\",\"element_styles_padding\":\"\",\"element_styles_display\":\"\",\"element_styles_float\":\"\",\"element_styles_show_advanced_css\":0,\"element_styles_advanced\":\"\",\"cellcid\":\"c3284\",\"value\":\"\",\"drawerDisabled\":false,\"id\":3,\"beforeField\":\"\",\"afterField\":\"\",\"parentType\":\"textarea\",\"element_templates\":[\"textarea\",\"input\"],\"old_classname\":\"\",\"wrap_template\":\"wrap\"},{\"objectType\":\"Field\",\"objectDomain\":\"fields\",\"editActive\":false,\"order\":5,\"label\":\"Submit\",\"key\":\"submit\",\"type\":\"submit\",\"created_at\":\"2020-12-30 10:13:10\",\"processing_label\":\"Processing\",\"container_class\":\"\",\"element_class\":\"\",\"wrap_styles_background-color\":\"\",\"wrap_styles_border\":\"\",\"wrap_styles_border-style\":\"\",\"wrap_styles_border-color\":\"\",\"wrap_styles_color\":\"\",\"wrap_styles_height\":\"\",\"wrap_styles_width\":\"\",\"wrap_styles_font-size\":\"\",\"wrap_styles_margin\":\"\",\"wrap_styles_padding\":\"\",\"wrap_styles_display\":\"\",\"wrap_styles_float\":\"\",\"wrap_styles_show_advanced_css\":0,\"wrap_styles_advanced\":\"\",\"label_styles_background-color\":\"\",\"label_styles_border\":\"\",\"label_styles_border-style\":\"\",\"label_styles_border-color\":\"\",\"label_styles_color\":\"\",\"label_styles_height\":\"\",\"label_styles_width\":\"\",\"label_styles_font-size\":\"\",\"label_styles_margin\":\"\",\"label_styles_padding\":\"\",\"label_styles_display\":\"\",\"label_styles_float\":\"\",\"label_styles_show_advanced_css\":0,\"label_styles_advanced\":\"\",\"element_styles_background-color\":\"\",\"element_styles_border\":\"\",\"element_styles_border-style\":\"\",\"element_styles_border-color\":\"\",\"element_styles_color\":\"\",\"element_styles_height\":\"\",\"element_styles_width\":\"\",\"element_styles_font-size\":\"\",\"element_styles_margin\":\"\",\"element_styles_padding\":\"\",\"element_styles_display\":\"\",\"element_styles_float\":\"\",\"element_styles_show_advanced_css\":0,\"element_styles_advanced\":\"\",\"submit_element_hover_styles_background-color\":\"\",\"submit_element_hover_styles_border\":\"\",\"submit_element_hover_styles_border-style\":\"\",\"submit_element_hover_styles_border-color\":\"\",\"submit_element_hover_styles_color\":\"\",\"submit_element_hover_styles_height\":\"\",\"submit_element_hover_styles_width\":\"\",\"submit_element_hover_styles_font-size\":\"\",\"submit_element_hover_styles_margin\":\"\",\"submit_element_hover_styles_padding\":\"\",\"submit_element_hover_styles_display\":\"\",\"submit_element_hover_styles_float\":\"\",\"submit_element_hover_styles_show_advanced_css\":0,\"submit_element_hover_styles_advanced\":\"\",\"cellcid\":\"c3287\",\"id\":4,\"beforeField\":\"\",\"afterField\":\"\",\"value\":\"\",\"label_pos\":\"above\",\"parentType\":\"textbox\",\"element_templates\":[\"submit\",\"button\",\"input\"],\"old_classname\":\"\",\"wrap_template\":\"wrap-no-label\"}];nfForms.push(form);<\/script>\n        \n<p><span class=\"Estilo6 Estilo5\"><strong>OTROS LINKS DE INTER\u00c9S:\u00a0<\/strong><\/span><\/p>\n<p style=\"text-align: center;\">\n<a href=\"http:\/\/www.patenteeuropea.net\/\"><strong>PATENTE EUROPEA<\/strong><\/a> | <a href=\"http:\/\/www.patenta.es\/\"><strong>PATENTE NACIONAL<\/strong><\/a> | <a href=\"http:\/\/www.patentepct.com\/\"><strong>PCT PATENTE INTERNACIONAL<\/strong><strong><\/strong><\/a> | <a href=\"http:\/\/www.patentemundial.com\/\"><strong>PATENTE MUNDIAL<\/strong><\/a> | <a href=\"http:\/\/www.patenteunioneuropea.com\/\"><strong>PATENTE COMUNITARIA<\/strong><\/a> | <a href=\"http:\/\/www.infopatent.eu\/\"><strong>INFORMACI\u00d3N TECNOLOGICA<\/strong><\/a> | <a href=\"http:\/\/www.validacionpatenteeuropea.com\"><strong> VALIDACI\u00d3N  DE PATENTE EUROPEA<\/strong><\/a> | <a href=\"http:\/\/www.modelodeutilidad.com\/\"><strong>MODELO DE UTILIDAD<\/strong><\/a> | <a href=\"http:\/\/www.registrardiseno.com\/\"><strong>DISE\u00d1O NACIONAL<\/strong><\/a> | <a href=\"https:\/\/www.disenocomunitario.com\/\"><strong>DISE\u00d1O COMUNITARIO<\/strong><\/a>  | <strong><a href=\"http:\/\/www.evaluationpatent.com\/\">VALORACION DE PATENTES<\/strong><\/a> | <a href=\"http:\/\/vendopatente.com\/\"><strong>VENDER-COMPRAR PATENTES<\/strong><\/a> | <strong><a href=\"http:\/\/www.isern.com\/\">ISERN OFICINA DE  PATENTES Y MARCAS<\/strong><\/a>\n<\/p>\n<h6 style=\"text-align: center;\">\u00a0 EMAIL :\u00a0<a href=\"mailto:jorge.isern@isern.com\" target=\"_blank\" rel=\"noopener\">MAS INFORMACI\u00d3N<\/a><\/h6>\n<h6 style=\"text-align: center;\"><strong><a href=\"https:\/\/www.isern.com\/\" target=\"_blank\" rel=\"noopener\">WWW. ISERN.COM<\/a><\/strong><\/h6>\n","protected":false},"excerpt":{"rendered":"<p>PATENTAR UN INVENTO Una invenci\u00f3n es patentable cuando es nueva, implica una actividad inventiva y tiene aplicaci\u00f3n industrial. Una invenci\u00f3n es nueva cuando no forma parte del \u201cestado de la t\u00e9cnica\u201d. Una invenci\u00f3n tiene actividad inventiva cuando, al compararla con lo conocido, no resulta obvia para un experto en la materia. Una invenci\u00f3n tiene\u00a0 aplicaci\u00f3n [&hellip;]<\/p>\n","protected":false},"author":2,"featured_media":0,"parent":0,"menu_order":0,"comment_status":"closed","ping_status":"closed","template":"templates\/template-full-width.php","meta":{"footnotes":""},"class_list":["post-5","page","type-page","status-publish","hentry"],"_links":{"self":[{"href":"https:\/\/patenta.es\/index.php?rest_route=\/wp\/v2\/pages\/5","targetHints":{"allow":["GET"]}}],"collection":[{"href":"https:\/\/patenta.es\/index.php?rest_route=\/wp\/v2\/pages"}],"about":[{"href":"https:\/\/patenta.es\/index.php?rest_route=\/wp\/v2\/types\/page"}],"author":[{"embeddable":true,"href":"https:\/\/patenta.es\/index.php?rest_route=\/wp\/v2\/users\/2"}],"replies":[{"embeddable":true,"href":"https:\/\/patenta.es\/index.php?rest_route=%2Fwp%2Fv2%2Fcomments&post=5"}],"version-history":[{"count":15,"href":"https:\/\/patenta.es\/index.php?rest_route=\/wp\/v2\/pages\/5\/revisions"}],"predecessor-version":[{"id":89,"href":"https:\/\/patenta.es\/index.php?rest_route=\/wp\/v2\/pages\/5\/revisions\/89"}],"wp:attachment":[{"href":"https:\/\/patenta.es\/index.php?rest_route=%2Fwp%2Fv2%2Fmedia&parent=5"}],"curies":[{"name":"wp","href":"https:\/\/api.w.org\/{rel}","templated":true}]}}